{"id":16,"date":"2020-02-09T06:46:44","date_gmt":"2020-02-09T06:46:44","guid":{"rendered":"http:\/\/jjelectric.de\/?page_id=16"},"modified":"2020-02-27T17:17:39","modified_gmt":"2020-02-27T17:17:39","slug":"das-unternehmen","status":"publish","type":"page","link":"https:\/\/jjelectric.de\/?page_id=16","title":{"rendered":"Das Unternehmen"},"content":{"rendered":"\n<p> Die J &amp; J\u00a0 Electric Spareparts GbR wurde 2008 gegr\u00fcndet und befasst sich mit der Planung\u00a0von elektrotechnischen und elektronischen Anlagen f\u00fcr die Petrochemie,Raffinerien und stromerzeugenden Unternehmen.<\/p>\n\n\n\n<p>Weiterhin geh\u00f6ren der Handel mit Artikeln der Mess-und Regeltechnik, W\u00e4agetechnik, Maschinensteuerungen, Ersatzteilen f\u00fcr Siemenssteuerungen , Mechatronik und vieles andere zum Programm.<\/p>\n\n\n\n<p>Die J &amp; J\u00a0 Electric Spareparts GbR hat sich im Bereich der Planung und Konstruktion sowie mit dem Handel in k\u00fcrzester Zeit einen zuverl\u00e4ssigen Namen gemacht. In der Zukunft werden wir unser Technologyprogramm stetig erweitern.<\/p>\n\n\n\n<p>Der Anteil im Bereich Export hat sich in den letzten Jahren verdreifacht, auch der Umsatz hat sich in dem letzten Jahren verdreifacht.<\/p>\n\n\n\n<p>Die J &amp; J\u00a0 Electric Spareparts GbR hat sich im Bereich der schwer beschaffbaren G\u00fcter weltweit einen Namen gemacht. Kunden in Amerika, im mittleren Osten, in Europa und in Australien haben geholfen den Namen unseres Hauses aufzubauen.<\/p>\n\n\n\n<p>Auszeichnungen von Kunden f\u00fcr gute Kundenbetreuung sind ein Beweis f\u00fcr gute und kontinuierliche Arbeit.\n\n<\/p>\n","protected":false},"excerpt":{"rendered":"<p>Die J &amp; J\u00a0 Electric Spareparts GbR wurde 2008 gegr\u00fcndet und befasst sich mit der Planung\u00a0von elektrotechnischen und elektronischen Anlagen f\u00fcr die Petrochemie,Raffinerien und stromerzeugenden Unternehmen. Weiterhin geh\u00f6ren der Handel mit Artikeln der Mess-und Regeltechnik, W\u00e4agetechnik, Maschinensteuerungen, Ersatzteilen f\u00fcr Siemenssteuerungen , Mechatronik und vieles andere zum Programm. Die J &amp; J\u00a0 Electric Spareparts GbR hat &hellip; <\/p>\n<p class=\"link-more\"><a href=\"https:\/\/jjelectric.de\/?page_id=16\" class=\"more-link\"><span class=\"screen-reader-text\">\u201eDas Unternehmen\u201c<\/span> weiterlesen<\/a><\/p>\n","protected":false},"author":1,"featured_media":0,"parent":0,"menu_order":0,"comment_status":"closed","ping_status":"open","template":"","meta":{"footnotes":""},"class_list":["post-16","page","type-page","status-publish","hentry"],"_links":{"self":[{"href":"https:\/\/jjelectric.de\/index.php?rest_route=\/wp\/v2\/pages\/16","targetHints":{"allow":["GET"]}}],"collection":[{"href":"https:\/\/jjelectric.de\/index.php?rest_route=\/wp\/v2\/pages"}],"about":[{"href":"https:\/\/jjelectric.de\/index.php?rest_route=\/wp\/v2\/types\/page"}],"author":[{"embeddable":true,"href":"https:\/\/jjelectric.de\/index.php?rest_route=\/wp\/v2\/users\/1"}],"replies":[{"embeddable":true,"href":"https:\/\/jjelectric.de\/index.php?rest_route=%2Fwp%2Fv2%2Fcomments&post=16"}],"version-history":[{"count":2,"href":"https:\/\/jjelectric.de\/index.php?rest_route=\/wp\/v2\/pages\/16\/revisions"}],"predecessor-version":[{"id":66,"href":"https:\/\/jjelectric.de\/index.php?rest_route=\/wp\/v2\/pages\/16\/revisions\/66"}],"wp:attachment":[{"href":"https:\/\/jjelectric.de\/index.php?rest_route=%2Fwp%2Fv2%2Fmedia&parent=16"}],"curies":[{"name":"wp","href":"https:\/\/api.w.org\/{rel}","templated":true}]}}