{"id":85,"date":"2020-02-27T17:26:33","date_gmt":"2020-02-27T17:26:33","guid":{"rendered":"http:\/\/jjelectric.de\/?page_id=85"},"modified":"2020-02-27T17:31:16","modified_gmt":"2020-02-27T17:31:16","slug":"mechanische-produkte","status":"publish","type":"page","link":"https:\/\/jjelectric.de\/?page_id=85","title":{"rendered":"Mechanische Produkte"},"content":{"rendered":"\n<figure class=\"wp-block-image is-resized\"><img decoding=\"async\" src=\"http:\/\/jjelectric.de\/wp-content\/uploads\/2020\/02\/waggonbau.jpg\" alt=\"Dieses Bild hat ein leeres Alt-Attribut. Der Dateiname ist waggonbau.jpg\" width=\"200\"\/><\/figure>\n\n\n\n<figure class=\"wp-block-image is-resized\"><img decoding=\"async\" src=\"http:\/\/jjelectric.de\/wp-content\/uploads\/2020\/02\/e4faba22c3.png\" alt=\"Dieses Bild hat ein leeres Alt-Attribut. Der Dateiname ist e4faba22c3.png\" width=\"200\"\/><\/figure>\n\n\n<p><!--StartFragment--><\/p>\n\n\n<h1 class=\"wp-block-heading\">Eisenbahn \/ Waggonbau<\/h1>\n\n\n\n<p>F\u00fcr unsere Kunden aus dem Bereich der Waggonbauindustrie und der Eisenbahngesellschaften liefern wir vor allen Dingen Verbindungsbolzen nach Din 5526 und Zeichnungsvorschrift.\u2028Dar\u00fcberhinaus geh\u00f6ren Federbolzen, Kupplungsbolzen, St\u00f6\u00dfel, Druckst\u00fccke, Flansch-buchsen und Zapfen.\u2028Desweiteren fertigen wir f\u00fcr den Bereich Oberbau Bolzen und Schauben.<\/p>\n\n\n\n<h1 class=\"wp-block-heading\">Nutzfahrzeugbau<\/h1>\n\n\n\n<p>Zu unseren Kunden geh\u00f6ren Hersteller von Baggern, Kr\u00e4nen, und Lastkraftwagen.\u2028Diese beliefern wir mit einbaufertig bearbeiteten Stauchteilen, Wellen sowie Bolzen mit angeschwei\u00dften Flanschen.<\/p>\n\n\n\n<h1 class=\"wp-block-heading\">Maschinenbau<\/h1>\n\n\n\n<p>In diesem Marktsegment beliefern wir insbesondere Unternehmen der F\u00f6rdertechnik und Bergbauzulieferer mit Drehteilen und Schrauben, zum Teil bis Festigkeit 12.9 und mit schlussgerolltem Gewinde.<\/p>\n\n\n<p><!--EndFragment--><\/p>","protected":false},"excerpt":{"rendered":"<p>Eisenbahn \/ Waggonbau F\u00fcr unsere Kunden aus dem Bereich der Waggonbauindustrie und der Eisenbahngesellschaften liefern wir vor allen Dingen Verbindungsbolzen nach Din 5526 und Zeichnungsvorschrift.\u2028Dar\u00fcberhinaus geh\u00f6ren Federbolzen, Kupplungsbolzen, St\u00f6\u00dfel, Druckst\u00fccke, Flansch-buchsen und Zapfen.\u2028Desweiteren fertigen wir f\u00fcr den Bereich Oberbau Bolzen und Schauben. Nutzfahrzeugbau Zu unseren Kunden geh\u00f6ren Hersteller von Baggern, Kr\u00e4nen, und Lastkraftwagen.\u2028Diese beliefern wir &hellip; <\/p>\n<p class=\"link-more\"><a href=\"https:\/\/jjelectric.de\/?page_id=85\" class=\"more-link\"><span class=\"screen-reader-text\">\u201eMechanische Produkte\u201c<\/span> weiterlesen<\/a><\/p>\n","protected":false},"author":1,"featured_media":0,"parent":0,"menu_order":0,"comment_status":"closed","ping_status":"closed","template":"","meta":{"footnotes":""},"class_list":["post-85","page","type-page","status-publish","hentry"],"_links":{"self":[{"href":"https:\/\/jjelectric.de\/index.php?rest_route=\/wp\/v2\/pages\/85","targetHints":{"allow":["GET"]}}],"collection":[{"href":"https:\/\/jjelectric.de\/index.php?rest_route=\/wp\/v2\/pages"}],"about":[{"href":"https:\/\/jjelectric.de\/index.php?rest_route=\/wp\/v2\/types\/page"}],"author":[{"embeddable":true,"href":"https:\/\/jjelectric.de\/index.php?rest_route=\/wp\/v2\/users\/1"}],"replies":[{"embeddable":true,"href":"https:\/\/jjelectric.de\/index.php?rest_route=%2Fwp%2Fv2%2Fcomments&post=85"}],"version-history":[{"count":2,"href":"https:\/\/jjelectric.de\/index.php?rest_route=\/wp\/v2\/pages\/85\/revisions"}],"predecessor-version":[{"id":98,"href":"https:\/\/jjelectric.de\/index.php?rest_route=\/wp\/v2\/pages\/85\/revisions\/98"}],"wp:attachment":[{"href":"https:\/\/jjelectric.de\/index.php?rest_route=%2Fwp%2Fv2%2Fmedia&parent=85"}],"curies":[{"name":"wp","href":"https:\/\/api.w.org\/{rel}","templated":true}]}}