{"id":88,"date":"2020-02-27T17:26:57","date_gmt":"2020-02-27T17:26:57","guid":{"rendered":"http:\/\/jjelectric.de\/?page_id=88"},"modified":"2020-02-27T17:31:01","modified_gmt":"2020-02-27T17:31:01","slug":"elektrotechnik","status":"publish","type":"page","link":"https:\/\/jjelectric.de\/?page_id=88","title":{"rendered":"Elektrotechnik"},"content":{"rendered":"\n<figure class=\"wp-block-image is-resized\"><img decoding=\"async\" src=\"http:\/\/jjelectric.de\/wp-content\/uploads\/2020\/02\/motor2.jpg\" alt=\"Dieses Bild hat ein leeres Alt-Attribut. Der Dateiname ist motor2.jpg\" width=\"200\"\/><\/figure>\n\n\n<p><!--StartFragment--><\/p>\n\n\n<h2 class=\"wp-block-heading\">Wir f\u00fchren unter anderen folgende Hersteller:<\/h2>\n\n\n\n<figure class=\"wp-block-table\"><table class=\"\"><thead><tr><th scope=\"col\">ABB<br>ACCURIDE<br>ACUA LAU<br>AC<br>AEG-MODICON<br>ALAN BRADLEY<br>ALUTRONIC<br>ARNOLD<br>ASCO JUCOMA<br>ASCO JUCOMATIC<br>ASTAV<br>ABAILEY<br>FISCHER &amp;BENOLES<br>BIKON<br>BOEHM KABEL<br>BROOK HANSEN<br>BSR-ROLLEN<br>BULGIN<br>CARL F.<br>CARLO GAVAZZI<br>CEAG<br>DOLD<br>DR\u00c4GER-WERKEEHLERSKABEL<br>EMKA<br>ENDRESS+HAUSER<br>ERTA-PLASTIC<br>E-T-AEUCHNER<br>FAG<br>FCT<br>FOXBORO<br>GANTER<br>GERWAH<br>GORE<br>HERION<br>HOESCH<br>HUMMEL<br>IDLESS<br>IFMIGUS-KETTEN<br>KL\u00d6CKNERM\u00d6LLER<br><strong>KL\u00dcBERLUBRICATION<\/strong><br><strong>KRAUS-NA<\/strong><\/th><th scope=\"col\">KRONE AG<br>KRUPP<br>MAUELL<br>MAXON-MOTORS<br>MCOLES<br>MEA-MEISINGER<br>MERLIN GERIN<br>MINIMOTOR<br>MODICON<br>NEFF<br>NITTAL<br>NOKIA<br>NORGEN<br>NORWE<br>PAPST<br>PEACOCK<br>PEPPERL &amp; FUCHS<br>PHOENIX<br>PIRELLI<br>PMI MOTOREN<br>PORTER<br>PRO CARRAYCHE<br>ON<br>ROCKWELLAUTOMATION<br>ROSENBERGE<br>RRXS<br>SCHALTBAR<br>SCHIELE<br>SCHUCH<br>SIEMENS<br>SKIFFY<br>SONNENSCHEIN<br>TELEMECANIQUE<br>TIO TOPTURCK<br>VARTA<br>VEM<br>VERO<br>WAGO<br>WESTINGHOUSE<br>XICOR<br>ZILOG<\/th><\/tr><\/thead><\/table><\/figure>\n\n\n<p><!--EndFragment--><\/p>","protected":false},"excerpt":{"rendered":"<p>Wir f\u00fchren unter anderen folgende Hersteller: ABBACCURIDEACUA LAUACAEG-MODICONALAN BRADLEYALUTRONICARNOLDASCO JUCOMAASCO JUCOMATICASTAVABAILEYFISCHER &amp;BENOLESBIKONBOEHM KABELBROOK HANSENBSR-ROLLENBULGINCARL F.CARLO GAVAZZICEAGDOLDDR\u00c4GER-WERKEEHLERSKABELEMKAENDRESS+HAUSERERTA-PLASTICE-T-AEUCHNERFAGFCTFOXBOROGANTERGERWAHGOREHERIONHOESCHHUMMELIDLESSIFMIGUS-KETTENKL\u00d6CKNERM\u00d6LLERKL\u00dcBERLUBRICATIONKRAUS-NA KRONE AGKRUPPMAUELLMAXON-MOTORSMCOLESMEA-MEISINGERMERLIN GERINMINIMOTORMODICONNEFFNITTALNOKIANORGENNORWEPAPSTPEACOCKPEPPERL &amp; FUCHSPHOENIXPIRELLIPMI MOTORENPORTERPRO CARRAYCHEONROCKWELLAUTOMATIONROSENBERGERRXSSCHALTBARSCHIELESCHUCHSIEMENSSKIFFYSONNENSCHEINTELEMECANIQUETIO TOPTURCKVARTAVEMVEROWAGOWESTINGHOUSEXICORZILOG<\/p>\n","protected":false},"author":1,"featured_media":0,"parent":0,"menu_order":0,"comment_status":"closed","ping_status":"closed","template":"","meta":{"footnotes":""},"class_list":["post-88","page","type-page","status-publish","hentry"],"_links":{"self":[{"href":"https:\/\/jjelectric.de\/index.php?rest_route=\/wp\/v2\/pages\/88","targetHints":{"allow":["GET"]}}],"collection":[{"href":"https:\/\/jjelectric.de\/index.php?rest_route=\/wp\/v2\/pages"}],"about":[{"href":"https:\/\/jjelectric.de\/index.php?rest_route=\/wp\/v2\/types\/page"}],"author":[{"embeddable":true,"href":"https:\/\/jjelectric.de\/index.php?rest_route=\/wp\/v2\/users\/1"}],"replies":[{"embeddable":true,"href":"https:\/\/jjelectric.de\/index.php?rest_route=%2Fwp%2Fv2%2Fcomments&post=88"}],"version-history":[{"count":2,"href":"https:\/\/jjelectric.de\/index.php?rest_route=\/wp\/v2\/pages\/88\/revisions"}],"predecessor-version":[{"id":97,"href":"https:\/\/jjelectric.de\/index.php?rest_route=\/wp\/v2\/pages\/88\/revisions\/97"}],"wp:attachment":[{"href":"https:\/\/jjelectric.de\/index.php?rest_route=%2Fwp%2Fv2%2Fmedia&parent=88"}],"curies":[{"name":"wp","href":"https:\/\/api.w.org\/{rel}","templated":true}]}}